{"id":416,"date":"2021-04-27T16:29:36","date_gmt":"2021-04-27T19:29:36","guid":{"rendered":"https:\/\/www.webautomacao.com.br\/site?page_id=416"},"modified":"2021-04-27T16:29:38","modified_gmt":"2021-04-27T19:29:38","slug":"cases","status":"publish","type":"page","link":"https:\/\/www.webautomacao.com.br\/site\/cases\/","title":{"rendered":"Cases"},"content":{"rendered":"","protected":false},"excerpt":{"rendered":"","protected":false},"author":1,"featured_media":0,"parent":0,"menu_order":0,"comment_status":"closed","ping_status":"closed","template":"page-cases.php","meta":{"footnotes":""},"class_list":["post-416","page","type-page","status-publish","hentry"],"yoast_head":"<!-- This site is optimized with the Yoast SEO plugin v24.9 - https:\/\/yoast.com\/wordpress\/plugins\/seo\/ -->\n<title>Cases - Web Automa\u00e7\u00e3o<\/title>\n<meta name=\"robots\" content=\"index, follow, max-snippet:-1, max-image-preview:large, max-video-preview:-1\" \/>\n<link rel=\"canonical\" href=\"https:\/\/www.webautomacao.com.br\/site\/cases\/\" \/>\n<meta property=\"og:locale\" content=\"pt_BR\" \/>\n<meta property=\"og:type\" content=\"article\" \/>\n<meta property=\"og:title\" content=\"Cases - Web Automa\u00e7\u00e3o\" \/>\n<meta property=\"og:url\" content=\"https:\/\/www.webautomacao.com.br\/site\/cases\/\" \/>\n<meta property=\"og:site_name\" content=\"Web Automa\u00e7\u00e3o\" \/>\n<meta property=\"article:modified_time\" content=\"2021-04-27T19:29:38+00:00\" \/>\n<meta name=\"twitter:card\" content=\"summary_large_image\" \/>\n<script type=\"application\/ld+json\" class=\"yoast-schema-graph\">{\"@context\":\"https:\/\/schema.org\",\"@graph\":[{\"@type\":\"WebPage\",\"@id\":\"https:\/\/www.webautomacao.com.br\/site\/cases\/\",\"url\":\"https:\/\/www.webautomacao.com.br\/site\/cases\/\",\"name\":\"Cases - Web Automa\u00e7\u00e3o\",\"isPartOf\":{\"@id\":\"https:\/\/www.webautomacao.com.br\/site\/#website\"},\"datePublished\":\"2021-04-27T19:29:36+00:00\",\"dateModified\":\"2021-04-27T19:29:38+00:00\",\"breadcrumb\":{\"@id\":\"https:\/\/www.webautomacao.com.br\/site\/cases\/#breadcrumb\"},\"inLanguage\":\"pt-BR\",\"potentialAction\":[{\"@type\":\"ReadAction\",\"target\":[\"https:\/\/www.webautomacao.com.br\/site\/cases\/\"]}]},{\"@type\":\"BreadcrumbList\",\"@id\":\"https:\/\/www.webautomacao.com.br\/site\/cases\/#breadcrumb\",\"itemListElement\":[{\"@type\":\"ListItem\",\"position\":1,\"name\":\"In\u00edcio\",\"item\":\"https:\/\/www.webautomacao.com.br\/site\/\"},{\"@type\":\"ListItem\",\"position\":2,\"name\":\"Cases\"}]},{\"@type\":\"WebSite\",\"@id\":\"https:\/\/www.webautomacao.com.br\/site\/#website\",\"url\":\"https:\/\/www.webautomacao.com.br\/site\/\",\"name\":\"Web Automa\u00e7\u00e3o\",\"description\":\"Sistemas de vendas pr\u00e1ticos e inteligentes.\",\"publisher\":{\"@id\":\"https:\/\/www.webautomacao.com.br\/site\/#organization\"},\"potentialAction\":[{\"@type\":\"SearchAction\",\"target\":{\"@type\":\"EntryPoint\",\"urlTemplate\":\"https:\/\/www.webautomacao.com.br\/site\/?s={search_term_string}\"},\"query-input\":{\"@type\":\"PropertyValueSpecification\",\"valueRequired\":true,\"valueName\":\"search_term_string\"}}],\"inLanguage\":\"pt-BR\"},{\"@type\":\"Organization\",\"@id\":\"https:\/\/www.webautomacao.com.br\/site\/#organization\",\"name\":\"Web Automa\u00e7\u00e3o\",\"url\":\"https:\/\/www.webautomacao.com.br\/site\/\",\"logo\":{\"@type\":\"ImageObject\",\"inLanguage\":\"pt-BR\",\"@id\":\"https:\/\/www.webautomacao.com.br\/site\/#\/schema\/logo\/image\/\",\"url\":\"https:\/\/www.webautomacao.com.br\/site\/wp-content\/uploads\/2020\/09\/logo-webautomacao.png\",\"contentUrl\":\"https:\/\/www.webautomacao.com.br\/site\/wp-content\/uploads\/2020\/09\/logo-webautomacao.png\",\"width\":2108,\"height\":435,\"caption\":\"Web Automa\u00e7\u00e3o\"},\"image\":{\"@id\":\"https:\/\/www.webautomacao.com.br\/site\/#\/schema\/logo\/image\/\"}}]}<\/script>\n<!-- \/ Yoast SEO plugin. -->","yoast_head_json":{"title":"Cases - Web Automa\u00e7\u00e3o","robots":{"index":"index","follow":"follow","max-snippet":"max-snippet:-1","max-image-preview":"max-image-preview:large","max-video-preview":"max-video-preview:-1"},"canonical":"https:\/\/www.webautomacao.com.br\/site\/cases\/","og_locale":"pt_BR","og_type":"article","og_title":"Cases - Web Automa\u00e7\u00e3o","og_url":"https:\/\/www.webautomacao.com.br\/site\/cases\/","og_site_name":"Web Automa\u00e7\u00e3o","article_modified_time":"2021-04-27T19:29:38+00:00","twitter_card":"summary_large_image","schema":{"@context":"https:\/\/schema.org","@graph":[{"@type":"WebPage","@id":"https:\/\/www.webautomacao.com.br\/site\/cases\/","url":"https:\/\/www.webautomacao.com.br\/site\/cases\/","name":"Cases - Web Automa\u00e7\u00e3o","isPartOf":{"@id":"https:\/\/www.webautomacao.com.br\/site\/#website"},"datePublished":"2021-04-27T19:29:36+00:00","dateModified":"2021-04-27T19:29:38+00:00","breadcrumb":{"@id":"https:\/\/www.webautomacao.com.br\/site\/cases\/#breadcrumb"},"inLanguage":"pt-BR","potentialAction":[{"@type":"ReadAction","target":["https:\/\/www.webautomacao.com.br\/site\/cases\/"]}]},{"@type":"BreadcrumbList","@id":"https:\/\/www.webautomacao.com.br\/site\/cases\/#breadcrumb","itemListElement":[{"@type":"ListItem","position":1,"name":"In\u00edcio","item":"https:\/\/www.webautomacao.com.br\/site\/"},{"@type":"ListItem","position":2,"name":"Cases"}]},{"@type":"WebSite","@id":"https:\/\/www.webautomacao.com.br\/site\/#website","url":"https:\/\/www.webautomacao.com.br\/site\/","name":"Web Automa\u00e7\u00e3o","description":"Sistemas de vendas pr\u00e1ticos e inteligentes.","publisher":{"@id":"https:\/\/www.webautomacao.com.br\/site\/#organization"},"potentialAction":[{"@type":"SearchAction","target":{"@type":"EntryPoint","urlTemplate":"https:\/\/www.webautomacao.com.br\/site\/?s={search_term_string}"},"query-input":{"@type":"PropertyValueSpecification","valueRequired":true,"valueName":"search_term_string"}}],"inLanguage":"pt-BR"},{"@type":"Organization","@id":"https:\/\/www.webautomacao.com.br\/site\/#organization","name":"Web Automa\u00e7\u00e3o","url":"https:\/\/www.webautomacao.com.br\/site\/","logo":{"@type":"ImageObject","inLanguage":"pt-BR","@id":"https:\/\/www.webautomacao.com.br\/site\/#\/schema\/logo\/image\/","url":"https:\/\/www.webautomacao.com.br\/site\/wp-content\/uploads\/2020\/09\/logo-webautomacao.png","contentUrl":"https:\/\/www.webautomacao.com.br\/site\/wp-content\/uploads\/2020\/09\/logo-webautomacao.png","width":2108,"height":435,"caption":"Web Automa\u00e7\u00e3o"},"image":{"@id":"https:\/\/www.webautomacao.com.br\/site\/#\/schema\/logo\/image\/"}}]}},"_links":{"self":[{"href":"https:\/\/www.webautomacao.com.br\/site\/wp-json\/wp\/v2\/pages\/416","targetHints":{"allow":["GET"]}}],"collection":[{"href":"https:\/\/www.webautomacao.com.br\/site\/wp-json\/wp\/v2\/pages"}],"about":[{"href":"https:\/\/www.webautomacao.com.br\/site\/wp-json\/wp\/v2\/types\/page"}],"author":[{"embeddable":true,"href":"https:\/\/www.webautomacao.com.br\/site\/wp-json\/wp\/v2\/users\/1"}],"replies":[{"embeddable":true,"href":"https:\/\/www.webautomacao.com.br\/site\/wp-json\/wp\/v2\/comments?post=416"}],"version-history":[{"count":2,"href":"https:\/\/www.webautomacao.com.br\/site\/wp-json\/wp\/v2\/pages\/416\/revisions"}],"predecessor-version":[{"id":418,"href":"https:\/\/www.webautomacao.com.br\/site\/wp-json\/wp\/v2\/pages\/416\/revisions\/418"}],"wp:attachment":[{"href":"https:\/\/www.webautomacao.com.br\/site\/wp-json\/wp\/v2\/media?parent=416"}],"curies":[{"name":"wp","href":"https:\/\/api.w.org\/{rel}","templated":true}]}}