{"id":131,"date":"2020-09-10T13:33:19","date_gmt":"2020-09-10T16:33:19","guid":{"rendered":"http:\/\/webautomacao.web-ded-176517b.uni5.net\/site\/?page_id=131"},"modified":"2022-05-23T10:24:24","modified_gmt":"2022-05-23T13:24:24","slug":"contato","status":"publish","type":"page","link":"https:\/\/www.webautomacao.com.br\/site\/contato\/","title":{"rendered":"Franquias"},"content":{"rendered":"\n<div class=\"wp-block-columns bluebox is-layout-flex wp-container-core-columns-is-layout-9d6595d7 wp-block-columns-is-layout-flex\">\n<div class=\"wp-block-column is-layout-flow wp-block-column-is-layout-flow\">\n<h3 class=\"wp-block-heading\">Franquias Web Automa\u00e7\u00e3o<\/h3>\n\n\n\n<p>O mercado de automa\u00e7\u00e3o comercial vem passando por diversas modifica\u00e7\u00f5es e a Web Automa\u00e7\u00e3o sempre se preocupou em estar a frente do seu tempo.<\/p>\n\n\n\n<p>Com solu\u00e7\u00f5es intuitivas e completas, nossa equipe vem conquistando cada vez mais clientes no mercado. Atualmente temos mais de 70 franquias espalhadas em todo o Brasil e queremos crescer ainda mais.<\/p>\n\n\n\n<p>Abaixo voc\u00ea pode conhecer nossas Franquias e caso queira se tornar parte do nosso time, preencha o formul\u00e1rio abaixo e nossa equipe ir\u00e1 entrar em contato com voc\u00ea.<\/p>\n\n\n\n<div style=\"height:50px\" aria-hidden=\"true\" class=\"wp-block-spacer\"><\/div>\n\n\n\n<figure class=\"wp-block-image size-large is-resized\"><img fetchpriority=\"high\" decoding=\"async\" src=\"http:\/\/webautomacao.web-ded-176517b.uni5.net\/site\/wp-content\/uploads\/2020\/10\/franquias-webautomacao.png\" alt=\"\" class=\"wp-image-193\" width=\"408\" height=\"428\" srcset=\"https:\/\/www.webautomacao.com.br\/site\/wp-content\/uploads\/2020\/10\/franquias-webautomacao.png 544w, https:\/\/www.webautomacao.com.br\/site\/wp-content\/uploads\/2020\/10\/franquias-webautomacao-286x300.png 286w\" sizes=\"(max-width: 408px) 100vw, 408px\" \/><\/figure>\n<\/div>\n\n\n\n<div class=\"wp-block-column is-layout-flow wp-block-column-is-layout-flow\">\n<h3 class=\"wp-block-heading\">Quer come\u00e7ar a vender Software e conquistar sua renda recorrente? Preencha o formul\u00e1rio.<\/h3>\n\n\n\n<div role=\"main\" id=\"formulario-novo-site-webautomacao-93e5018bca0f2a54358b\"><\/div>\n<script type=\"text\/javascript\" src=\"https:\/\/d335luupugsy2.cloudfront.net\/js\/rdstation-forms\/stable\/rdstation-forms.min.js\"><\/script>\n<script type=\"text\/javascript\"> new RDStationForms('formulario-novo-site-webautomacao-93e5018bca0f2a54358b', 'UA-149416557-1').createForm();<\/script>\n<\/div>\n<\/div>\n","protected":false},"excerpt":{"rendered":"<p>Franquias Web Automa\u00e7\u00e3o O mercado de automa\u00e7\u00e3o comercial vem passando por diversas modifica\u00e7\u00f5es e a Web Automa\u00e7\u00e3o sempre se preocupou em estar a frente do seu tempo. Com solu\u00e7\u00f5es intuitivas e completas, nossa equipe vem conquistando cada vez mais clientes no mercado. Atualmente temos mais de 70 franquias espalhadas em todo o Brasil e queremos crescer ainda mais. Abaixo voc\u00ea pode conhecer nossas Franquias e caso queira se tornar parte do nosso time, preencha o formul\u00e1rio abaixo e nossa equipe ir\u00e1 entrar em contato com voc\u00ea. Quer come\u00e7ar a vender Software e conquistar sua renda recorrente? Preencha o formul\u00e1rio.<\/p>\n","protected":false},"author":1,"featured_media":181,"parent":0,"menu_order":0,"comment_status":"closed","ping_status":"closed","template":"page-fulltop.php","meta":{"footnotes":""},"class_list":["post-131","page","type-page","status-publish","has-post-thumbnail","hentry"],"yoast_head":"<!-- This site is optimized with the Yoast SEO plugin v24.9 - https:\/\/yoast.com\/wordpress\/plugins\/seo\/ -->\n<title>Franquias - Web Automa\u00e7\u00e3o<\/title>\n<meta name=\"robots\" content=\"index, follow, max-snippet:-1, max-image-preview:large, max-video-preview:-1\" \/>\n<link rel=\"canonical\" href=\"https:\/\/www.webautomacao.com.br\/site\/contato\/\" \/>\n<meta property=\"og:locale\" content=\"pt_BR\" \/>\n<meta property=\"og:type\" content=\"article\" \/>\n<meta property=\"og:title\" content=\"Franquias - Web Automa\u00e7\u00e3o\" \/>\n<meta property=\"og:description\" content=\"Franquias Web Automa\u00e7\u00e3o O mercado de automa\u00e7\u00e3o comercial vem passando por diversas modifica\u00e7\u00f5es e a Web Automa\u00e7\u00e3o sempre se preocupou em estar a frente do seu tempo. Com solu\u00e7\u00f5es intuitivas e completas, nossa equipe vem conquistando cada vez mais clientes no mercado. Atualmente temos mais de 70 franquias espalhadas em todo o Brasil e queremos crescer ainda mais. Abaixo voc\u00ea pode conhecer nossas Franquias e caso queira se tornar parte do nosso time, preencha o formul\u00e1rio abaixo e nossa equipe ir\u00e1 entrar em contato com voc\u00ea. Quer come\u00e7ar a vender Software e conquistar sua renda recorrente? Preencha o formul\u00e1rio.\" \/>\n<meta property=\"og:url\" content=\"https:\/\/www.webautomacao.com.br\/site\/contato\/\" \/>\n<meta property=\"og:site_name\" content=\"Web Automa\u00e7\u00e3o\" \/>\n<meta property=\"article:modified_time\" content=\"2022-05-23T13:24:24+00:00\" \/>\n<meta property=\"og:image\" content=\"https:\/\/www.webautomacao.com.br\/site\/wp-content\/uploads\/2020\/09\/pexels-bongkarn-thanyakij-3787327-scaled.jpg\" \/>\n\t<meta property=\"og:image:width\" content=\"2560\" \/>\n\t<meta property=\"og:image:height\" content=\"1217\" \/>\n\t<meta property=\"og:image:type\" content=\"image\/jpeg\" \/>\n<meta name=\"twitter:card\" content=\"summary_large_image\" \/>\n<meta name=\"twitter:label1\" content=\"Est. tempo de leitura\" \/>\n\t<meta name=\"twitter:data1\" content=\"1 minuto\" \/>\n<script type=\"application\/ld+json\" class=\"yoast-schema-graph\">{\"@context\":\"https:\/\/schema.org\",\"@graph\":[{\"@type\":\"WebPage\",\"@id\":\"https:\/\/www.webautomacao.com.br\/site\/contato\/\",\"url\":\"https:\/\/www.webautomacao.com.br\/site\/contato\/\",\"name\":\"Franquias - Web Automa\u00e7\u00e3o\",\"isPartOf\":{\"@id\":\"https:\/\/www.webautomacao.com.br\/site\/#website\"},\"primaryImageOfPage\":{\"@id\":\"https:\/\/www.webautomacao.com.br\/site\/contato\/#primaryimage\"},\"image\":{\"@id\":\"https:\/\/www.webautomacao.com.br\/site\/contato\/#primaryimage\"},\"thumbnailUrl\":\"https:\/\/www.webautomacao.com.br\/site\/wp-content\/uploads\/2020\/09\/pexels-bongkarn-thanyakij-3787327-scaled.jpg\",\"datePublished\":\"2020-09-10T16:33:19+00:00\",\"dateModified\":\"2022-05-23T13:24:24+00:00\",\"breadcrumb\":{\"@id\":\"https:\/\/www.webautomacao.com.br\/site\/contato\/#breadcrumb\"},\"inLanguage\":\"pt-BR\",\"potentialAction\":[{\"@type\":\"ReadAction\",\"target\":[\"https:\/\/www.webautomacao.com.br\/site\/contato\/\"]}]},{\"@type\":\"ImageObject\",\"inLanguage\":\"pt-BR\",\"@id\":\"https:\/\/www.webautomacao.com.br\/site\/contato\/#primaryimage\",\"url\":\"https:\/\/www.webautomacao.com.br\/site\/wp-content\/uploads\/2020\/09\/pexels-bongkarn-thanyakij-3787327-scaled.jpg\",\"contentUrl\":\"https:\/\/www.webautomacao.com.br\/site\/wp-content\/uploads\/2020\/09\/pexels-bongkarn-thanyakij-3787327-scaled.jpg\",\"width\":2560,\"height\":1217},{\"@type\":\"BreadcrumbList\",\"@id\":\"https:\/\/www.webautomacao.com.br\/site\/contato\/#breadcrumb\",\"itemListElement\":[{\"@type\":\"ListItem\",\"position\":1,\"name\":\"In\u00edcio\",\"item\":\"https:\/\/www.webautomacao.com.br\/site\/\"},{\"@type\":\"ListItem\",\"position\":2,\"name\":\"Franquias\"}]},{\"@type\":\"WebSite\",\"@id\":\"https:\/\/www.webautomacao.com.br\/site\/#website\",\"url\":\"https:\/\/www.webautomacao.com.br\/site\/\",\"name\":\"Web Automa\u00e7\u00e3o\",\"description\":\"Sistemas de vendas pr\u00e1ticos e inteligentes.\",\"publisher\":{\"@id\":\"https:\/\/www.webautomacao.com.br\/site\/#organization\"},\"potentialAction\":[{\"@type\":\"SearchAction\",\"target\":{\"@type\":\"EntryPoint\",\"urlTemplate\":\"https:\/\/www.webautomacao.com.br\/site\/?s={search_term_string}\"},\"query-input\":{\"@type\":\"PropertyValueSpecification\",\"valueRequired\":true,\"valueName\":\"search_term_string\"}}],\"inLanguage\":\"pt-BR\"},{\"@type\":\"Organization\",\"@id\":\"https:\/\/www.webautomacao.com.br\/site\/#organization\",\"name\":\"Web Automa\u00e7\u00e3o\",\"url\":\"https:\/\/www.webautomacao.com.br\/site\/\",\"logo\":{\"@type\":\"ImageObject\",\"inLanguage\":\"pt-BR\",\"@id\":\"https:\/\/www.webautomacao.com.br\/site\/#\/schema\/logo\/image\/\",\"url\":\"https:\/\/www.webautomacao.com.br\/site\/wp-content\/uploads\/2020\/09\/logo-webautomacao.png\",\"contentUrl\":\"https:\/\/www.webautomacao.com.br\/site\/wp-content\/uploads\/2020\/09\/logo-webautomacao.png\",\"width\":2108,\"height\":435,\"caption\":\"Web Automa\u00e7\u00e3o\"},\"image\":{\"@id\":\"https:\/\/www.webautomacao.com.br\/site\/#\/schema\/logo\/image\/\"}}]}<\/script>\n<!-- \/ Yoast SEO plugin. -->","yoast_head_json":{"title":"Franquias - Web Automa\u00e7\u00e3o","robots":{"index":"index","follow":"follow","max-snippet":"max-snippet:-1","max-image-preview":"max-image-preview:large","max-video-preview":"max-video-preview:-1"},"canonical":"https:\/\/www.webautomacao.com.br\/site\/contato\/","og_locale":"pt_BR","og_type":"article","og_title":"Franquias - Web Automa\u00e7\u00e3o","og_description":"Franquias Web Automa\u00e7\u00e3o O mercado de automa\u00e7\u00e3o comercial vem passando por diversas modifica\u00e7\u00f5es e a Web Automa\u00e7\u00e3o sempre se preocupou em estar a frente do seu tempo. Com solu\u00e7\u00f5es intuitivas e completas, nossa equipe vem conquistando cada vez mais clientes no mercado. Atualmente temos mais de 70 franquias espalhadas em todo o Brasil e queremos crescer ainda mais. Abaixo voc\u00ea pode conhecer nossas Franquias e caso queira se tornar parte do nosso time, preencha o formul\u00e1rio abaixo e nossa equipe ir\u00e1 entrar em contato com voc\u00ea. Quer come\u00e7ar a vender Software e conquistar sua renda recorrente? Preencha o formul\u00e1rio.","og_url":"https:\/\/www.webautomacao.com.br\/site\/contato\/","og_site_name":"Web Automa\u00e7\u00e3o","article_modified_time":"2022-05-23T13:24:24+00:00","og_image":[{"width":2560,"height":1217,"url":"https:\/\/www.webautomacao.com.br\/site\/wp-content\/uploads\/2020\/09\/pexels-bongkarn-thanyakij-3787327-scaled.jpg","type":"image\/jpeg"}],"twitter_card":"summary_large_image","twitter_misc":{"Est. tempo de leitura":"1 minuto"},"schema":{"@context":"https:\/\/schema.org","@graph":[{"@type":"WebPage","@id":"https:\/\/www.webautomacao.com.br\/site\/contato\/","url":"https:\/\/www.webautomacao.com.br\/site\/contato\/","name":"Franquias - Web Automa\u00e7\u00e3o","isPartOf":{"@id":"https:\/\/www.webautomacao.com.br\/site\/#website"},"primaryImageOfPage":{"@id":"https:\/\/www.webautomacao.com.br\/site\/contato\/#primaryimage"},"image":{"@id":"https:\/\/www.webautomacao.com.br\/site\/contato\/#primaryimage"},"thumbnailUrl":"https:\/\/www.webautomacao.com.br\/site\/wp-content\/uploads\/2020\/09\/pexels-bongkarn-thanyakij-3787327-scaled.jpg","datePublished":"2020-09-10T16:33:19+00:00","dateModified":"2022-05-23T13:24:24+00:00","breadcrumb":{"@id":"https:\/\/www.webautomacao.com.br\/site\/contato\/#breadcrumb"},"inLanguage":"pt-BR","potentialAction":[{"@type":"ReadAction","target":["https:\/\/www.webautomacao.com.br\/site\/contato\/"]}]},{"@type":"ImageObject","inLanguage":"pt-BR","@id":"https:\/\/www.webautomacao.com.br\/site\/contato\/#primaryimage","url":"https:\/\/www.webautomacao.com.br\/site\/wp-content\/uploads\/2020\/09\/pexels-bongkarn-thanyakij-3787327-scaled.jpg","contentUrl":"https:\/\/www.webautomacao.com.br\/site\/wp-content\/uploads\/2020\/09\/pexels-bongkarn-thanyakij-3787327-scaled.jpg","width":2560,"height":1217},{"@type":"BreadcrumbList","@id":"https:\/\/www.webautomacao.com.br\/site\/contato\/#breadcrumb","itemListElement":[{"@type":"ListItem","position":1,"name":"In\u00edcio","item":"https:\/\/www.webautomacao.com.br\/site\/"},{"@type":"ListItem","position":2,"name":"Franquias"}]},{"@type":"WebSite","@id":"https:\/\/www.webautomacao.com.br\/site\/#website","url":"https:\/\/www.webautomacao.com.br\/site\/","name":"Web Automa\u00e7\u00e3o","description":"Sistemas de vendas pr\u00e1ticos e inteligentes.","publisher":{"@id":"https:\/\/www.webautomacao.com.br\/site\/#organization"},"potentialAction":[{"@type":"SearchAction","target":{"@type":"EntryPoint","urlTemplate":"https:\/\/www.webautomacao.com.br\/site\/?s={search_term_string}"},"query-input":{"@type":"PropertyValueSpecification","valueRequired":true,"valueName":"search_term_string"}}],"inLanguage":"pt-BR"},{"@type":"Organization","@id":"https:\/\/www.webautomacao.com.br\/site\/#organization","name":"Web Automa\u00e7\u00e3o","url":"https:\/\/www.webautomacao.com.br\/site\/","logo":{"@type":"ImageObject","inLanguage":"pt-BR","@id":"https:\/\/www.webautomacao.com.br\/site\/#\/schema\/logo\/image\/","url":"https:\/\/www.webautomacao.com.br\/site\/wp-content\/uploads\/2020\/09\/logo-webautomacao.png","contentUrl":"https:\/\/www.webautomacao.com.br\/site\/wp-content\/uploads\/2020\/09\/logo-webautomacao.png","width":2108,"height":435,"caption":"Web Automa\u00e7\u00e3o"},"image":{"@id":"https:\/\/www.webautomacao.com.br\/site\/#\/schema\/logo\/image\/"}}]}},"_links":{"self":[{"href":"https:\/\/www.webautomacao.com.br\/site\/wp-json\/wp\/v2\/pages\/131","targetHints":{"allow":["GET"]}}],"collection":[{"href":"https:\/\/www.webautomacao.com.br\/site\/wp-json\/wp\/v2\/pages"}],"about":[{"href":"https:\/\/www.webautomacao.com.br\/site\/wp-json\/wp\/v2\/types\/page"}],"author":[{"embeddable":true,"href":"https:\/\/www.webautomacao.com.br\/site\/wp-json\/wp\/v2\/users\/1"}],"replies":[{"embeddable":true,"href":"https:\/\/www.webautomacao.com.br\/site\/wp-json\/wp\/v2\/comments?post=131"}],"version-history":[{"count":26,"href":"https:\/\/www.webautomacao.com.br\/site\/wp-json\/wp\/v2\/pages\/131\/revisions"}],"predecessor-version":[{"id":878,"href":"https:\/\/www.webautomacao.com.br\/site\/wp-json\/wp\/v2\/pages\/131\/revisions\/878"}],"wp:featuredmedia":[{"embeddable":true,"href":"https:\/\/www.webautomacao.com.br\/site\/wp-json\/wp\/v2\/media\/181"}],"wp:attachment":[{"href":"https:\/\/www.webautomacao.com.br\/site\/wp-json\/wp\/v2\/media?parent=131"}],"curies":[{"name":"wp","href":"https:\/\/api.w.org\/{rel}","templated":true}]}}